{"id":379,"date":"2016-04-25T15:26:37","date_gmt":"2016-04-25T14:26:37","guid":{"rendered":"http:\/\/www.mucyn.com\/en\/mentions-legales\/"},"modified":"2016-09-27T15:20:26","modified_gmt":"2016-09-27T14:20:26","slug":"legal-notice","status":"publish","type":"page","link":"http:\/\/www.mucyn.com\/en\/legal-notice\/","title":{"rendered":"Legal Notice"},"content":{"rendered":"<h2>Soci\u00e9t\u00e9 EARL Les Bateliers du Rh\u00f4ne<\/h2>\n<p>The Les Bateliers du Rh\u00f4ne company\u2019s registered office is located at CHEMIN DES ILES \u00a0&#8211; 26600 GERVANS<\/p>\n<p>SIRET : 437 518 384 000 15<br \/>\nCapital : 8 000 \u20ac<\/p>\n<p>&nbsp;<\/p>\n<h2>Genral Information<\/h2>\n<p><strong>Legal representative and publication director<\/strong><\/p>\n<p>The legal representatives of the Les Bateliers du Rh\u00f4ne company and the publication directors are Mr. Jean-Pierre MUCYN and Mrs H\u00e9l\u00e8ne MUCYN<br \/>\nTo contact the company: contact@mucyn.com<\/p>\n<p><strong>Design and production<\/strong><\/p>\n<p><a href=\"http:\/\/www.licom-developpement.com\" target=\"_blank\">Agence Web LICOM D\u00e9veloppement\u2013 1, Rue du Docteur Tournaire \u2013 26600 TAIN L&#8217;HERMITAGE<\/a><br \/>\nT\u00e9l 04 699 699 20<br \/>\nwww.licom-developpement.com<\/p>\n<p><strong>Hosting<\/strong><\/p>\n<p>SAS OVH managed through <a href=\"http:\/\/www.licom-developpement.com\" target=\"_blank\">LICOM D\u00e9veloppement<\/a><\/p>\n<p>&nbsp;<\/p>\n<h2 style=\"margin: 5.0pt 0cm 5.0pt 0cm;\"><span lang=\"EN-US\">Intellectual property rights<\/span><\/h2>\n<p>All the contents of this website are governed by the Intellectual Property Code.<\/p>\n<p>The presentation and content of this website constitute a work protected by the laws relating to intellectual property, which is held by the Les Bateliers du Rh\u00f4ne company.<\/p>\n<p>The designation and appellations, photographs, slogans, logos, brand names, testimonials, etc., are used, either with the authorization of their owner(s), or as a simple indication of products or services.<\/p>\n<p>The photographs, texts, slogans, drawings, models, images, video clips with or without sound, and all works included on the website are the property of the Les Bateliers du Rh\u00f4ne company or third parties who have authorized the Les Bateliers du Rh\u00f4ne company to use them.<\/p>\n<p>&nbsp;<\/p>\n<h2>Cr\u00e9dit photo<\/h2>\n<p>EARL Les Bateliers du Rh\u00f4ne company, Pixabay, Inter Rh\u00f4ne<\/p>\n","protected":false},"excerpt":{"rendered":"<p>Soci\u00e9t\u00e9 EARL Les Bateliers du Rh\u00f4ne The Les Bateliers du Rh\u00f4ne company\u2019s registered office is located at CHEMIN DES ILES \u00a0&#8211; 26600 GERVANS SIRET : 437 518 384 000 15 Capital : 8 000 \u20ac &nbsp; Genral Information<span class=\"excerpt-hellip\"> [\u2026]<\/span><\/p>\n","protected":false},"author":1,"featured_media":0,"parent":0,"menu_order":0,"comment_status":"closed","ping_status":"closed","template":"","meta":{"footnotes":""},"class_list":["post-379","page","type-page","status-publish","hentry"],"yoast_head":"<!-- This site is optimized with the Yoast SEO plugin v27.3 - https:\/\/yoast.com\/product\/yoast-seo-wordpress\/ -->\n<title>Legal Notice - Domaine Mucyn<\/title>\n<meta name=\"robots\" content=\"index, follow, max-snippet:-1, max-image-preview:large, max-video-preview:-1\" \/>\n<link rel=\"canonical\" href=\"http:\/\/www.mucyn.com\/en\/legal-notice\/\" \/>\n<meta property=\"og:locale\" content=\"en_US\" \/>\n<meta property=\"og:type\" content=\"article\" \/>\n<meta property=\"og:title\" content=\"Legal Notice - Domaine Mucyn\" \/>\n<meta property=\"og:description\" content=\"Soci\u00e9t\u00e9 EARL Les Bateliers du Rh\u00f4ne The Les Bateliers du Rh\u00f4ne company\u2019s registered office is located at CHEMIN DES ILES \u00a0&#8211; 26600 GERVANS SIRET : 437 518 384 000 15 Capital : 8 000 \u20ac &nbsp; Genral Information [\u2026]\" \/>\n<meta property=\"og:url\" content=\"http:\/\/www.mucyn.com\/en\/legal-notice\/\" \/>\n<meta property=\"og:site_name\" content=\"Domaine Mucyn\" \/>\n<meta property=\"article:modified_time\" content=\"2016-09-27T14:20:26+00:00\" \/>\n<meta property=\"og:image\" content=\"http:\/\/www.mucyn.com\/wp-content\/uploads\/2016\/09\/IE-Mucyn-1.jpg\" \/>\n\t<meta property=\"og:image:width\" content=\"973\" \/>\n\t<meta property=\"og:image:height\" content=\"615\" \/>\n\t<meta property=\"og:image:type\" content=\"image\/jpeg\" \/>\n<meta name=\"twitter:card\" content=\"summary_large_image\" \/>\n<meta name=\"twitter:label1\" content=\"Est. reading time\" \/>\n\t<meta name=\"twitter:data1\" content=\"1 minute\" \/>\n<script type=\"application\/ld+json\" class=\"yoast-schema-graph\">{\"@context\":\"https:\\\/\\\/schema.org\",\"@graph\":[{\"@type\":\"WebPage\",\"@id\":\"http:\\\/\\\/www.mucyn.com\\\/en\\\/legal-notice\\\/\",\"url\":\"http:\\\/\\\/www.mucyn.com\\\/en\\\/legal-notice\\\/\",\"name\":\"Legal Notice - Domaine Mucyn\",\"isPartOf\":{\"@id\":\"https:\\\/\\\/www.mucyn.com\\\/#website\"},\"datePublished\":\"2016-04-25T14:26:37+00:00\",\"dateModified\":\"2016-09-27T14:20:26+00:00\",\"breadcrumb\":{\"@id\":\"http:\\\/\\\/www.mucyn.com\\\/en\\\/legal-notice\\\/#breadcrumb\"},\"inLanguage\":\"en-US\",\"potentialAction\":[{\"@type\":\"ReadAction\",\"target\":[\"http:\\\/\\\/www.mucyn.com\\\/en\\\/legal-notice\\\/\"]}]},{\"@type\":\"BreadcrumbList\",\"@id\":\"http:\\\/\\\/www.mucyn.com\\\/en\\\/legal-notice\\\/#breadcrumb\",\"itemListElement\":[{\"@type\":\"ListItem\",\"position\":1,\"name\":\"Accueil\",\"item\":\"http:\\\/\\\/www.mucyn.com\\\/en\\\/\"},{\"@type\":\"ListItem\",\"position\":2,\"name\":\"Legal Notice\"}]},{\"@type\":\"WebSite\",\"@id\":\"https:\\\/\\\/www.mucyn.com\\\/#website\",\"url\":\"https:\\\/\\\/www.mucyn.com\\\/\",\"name\":\"Domaine Mucyn\",\"description\":\"Crozes-Hermitage, Saint-Joseph et Cornas\",\"potentialAction\":[{\"@type\":\"SearchAction\",\"target\":{\"@type\":\"EntryPoint\",\"urlTemplate\":\"https:\\\/\\\/www.mucyn.com\\\/?s={search_term_string}\"},\"query-input\":{\"@type\":\"PropertyValueSpecification\",\"valueRequired\":true,\"valueName\":\"search_term_string\"}}],\"inLanguage\":\"en-US\"}]}<\/script>\n<!-- \/ Yoast SEO plugin. -->","yoast_head_json":{"title":"Legal Notice - Domaine Mucyn","robots":{"index":"index","follow":"follow","max-snippet":"max-snippet:-1","max-image-preview":"max-image-preview:large","max-video-preview":"max-video-preview:-1"},"canonical":"http:\/\/www.mucyn.com\/en\/legal-notice\/","og_locale":"en_US","og_type":"article","og_title":"Legal Notice - Domaine Mucyn","og_description":"Soci\u00e9t\u00e9 EARL Les Bateliers du Rh\u00f4ne The Les Bateliers du Rh\u00f4ne company\u2019s registered office is located at CHEMIN DES ILES \u00a0&#8211; 26600 GERVANS SIRET : 437 518 384 000 15 Capital : 8 000 \u20ac &nbsp; Genral Information [\u2026]","og_url":"http:\/\/www.mucyn.com\/en\/legal-notice\/","og_site_name":"Domaine Mucyn","article_modified_time":"2016-09-27T14:20:26+00:00","og_image":[{"width":973,"height":615,"url":"http:\/\/www.mucyn.com\/wp-content\/uploads\/2016\/09\/IE-Mucyn-1.jpg","type":"image\/jpeg"}],"twitter_card":"summary_large_image","twitter_misc":{"Est. reading time":"1 minute"},"schema":{"@context":"https:\/\/schema.org","@graph":[{"@type":"WebPage","@id":"http:\/\/www.mucyn.com\/en\/legal-notice\/","url":"http:\/\/www.mucyn.com\/en\/legal-notice\/","name":"Legal Notice - Domaine Mucyn","isPartOf":{"@id":"https:\/\/www.mucyn.com\/#website"},"datePublished":"2016-04-25T14:26:37+00:00","dateModified":"2016-09-27T14:20:26+00:00","breadcrumb":{"@id":"http:\/\/www.mucyn.com\/en\/legal-notice\/#breadcrumb"},"inLanguage":"en-US","potentialAction":[{"@type":"ReadAction","target":["http:\/\/www.mucyn.com\/en\/legal-notice\/"]}]},{"@type":"BreadcrumbList","@id":"http:\/\/www.mucyn.com\/en\/legal-notice\/#breadcrumb","itemListElement":[{"@type":"ListItem","position":1,"name":"Accueil","item":"http:\/\/www.mucyn.com\/en\/"},{"@type":"ListItem","position":2,"name":"Legal Notice"}]},{"@type":"WebSite","@id":"https:\/\/www.mucyn.com\/#website","url":"https:\/\/www.mucyn.com\/","name":"Domaine Mucyn","description":"Crozes-Hermitage, Saint-Joseph et Cornas","potentialAction":[{"@type":"SearchAction","target":{"@type":"EntryPoint","urlTemplate":"https:\/\/www.mucyn.com\/?s={search_term_string}"},"query-input":{"@type":"PropertyValueSpecification","valueRequired":true,"valueName":"search_term_string"}}],"inLanguage":"en-US"}]}},"_links":{"self":[{"href":"http:\/\/www.mucyn.com\/en\/wp-json\/wp\/v2\/pages\/379","targetHints":{"allow":["GET"]}}],"collection":[{"href":"http:\/\/www.mucyn.com\/en\/wp-json\/wp\/v2\/pages"}],"about":[{"href":"http:\/\/www.mucyn.com\/en\/wp-json\/wp\/v2\/types\/page"}],"author":[{"embeddable":true,"href":"http:\/\/www.mucyn.com\/en\/wp-json\/wp\/v2\/users\/1"}],"replies":[{"embeddable":true,"href":"http:\/\/www.mucyn.com\/en\/wp-json\/wp\/v2\/comments?post=379"}],"version-history":[{"count":4,"href":"http:\/\/www.mucyn.com\/en\/wp-json\/wp\/v2\/pages\/379\/revisions"}],"predecessor-version":[{"id":442,"href":"http:\/\/www.mucyn.com\/en\/wp-json\/wp\/v2\/pages\/379\/revisions\/442"}],"wp:attachment":[{"href":"http:\/\/www.mucyn.com\/en\/wp-json\/wp\/v2\/media?parent=379"}],"curies":[{"name":"wp","href":"https:\/\/api.w.org\/{rel}","templated":true}]}}